{"id":3,"date":"2018-09-12T14:01:25","date_gmt":"2018-09-12T14:01:25","guid":{"rendered":"http:\/\/concomrenewables.com\/?page_id=3"},"modified":"2020-02-07T10:20:35","modified_gmt":"2020-02-07T08:20:35","slug":"privacy-policy","status":"publish","type":"page","link":"https:\/\/concomrenewables.com\/en\/privacy-policy\/","title":{"rendered":"Privacy Policy"},"content":{"rendered":"<h3>POLITICA DE PRIVACIDAD Y PROTECCI\u00d3N DE DATOS<\/h3>\n<p>01 de febrero de 2020<\/p>\n<table>\n<tbody>\n<tr>\n<td>RESPONSABLE<\/td>\n<td>CONECTIVIDAD Y COMUNICACIONES CONCOM S.A &#8211; CIF A61039426<\/td>\n<\/tr>\n<tr>\n<td>CONTACTO<\/td>\n<td>C\/QUINTANA I MILLARS NAVE 2-A &#8211; CORNELL\u00c1 DE LLOBREGAT (Barcelona) concom@concom.es &#8211; Tel. 933771655 &#8211; http:\/\/www.concom.es<\/td>\n<\/tr>\n<tr>\n<td>FINALIDADES<\/td>\n<td>Comunicaciones comerciales: Marketing, publicidad y prospecci\u00f3n comercial<br \/>\nEnv\u00edo de emails: Env\u00edo de comunicaciones comerciales<\/td>\n<\/tr>\n<tr>\n<td>LEGITIMACION<\/td>\n<td>Comunicaciones comerciales: Consentimiento expl\u00edcito del interesado<br \/>\nEnv\u00edo de emails: Consentimiento expl\u00edcito del interesado<\/td>\n<\/tr>\n<tr>\n<td>CONSERVACI\u00d3N<\/td>\n<td>Comunicaciones comerciales: Mientras no se solicite su supresi\u00f3n por el interesado<br \/>\nEnv\u00edo de emails: Mientras no se solicite su supresi\u00f3n por el interesado<\/td>\n<\/tr>\n<tr>\n<td>DESTINATARIOS<\/td>\n<td>No cedemos sus datos a terceros<\/td>\n<\/tr>\n<tr>\n<td>TRANSFERENCIAS INTERNACIONALES<\/td>\n<td>No realizamos transferencias internacionales de sus datos<\/td>\n<\/tr>\n<tr>\n<td>PROCEDENCIA<\/td>\n<td>Comunicaciones comerciales<\/p>\n<ul>\n<li>Clientes: El propio interesado o su representante legal<\/li>\n<li>Potenciales: El propio interesado o su representante legal Env\u00edo de emails<\/li>\n<\/ul>\n<p>Env\u00edo de emails<\/p>\n<ul>\n<li>AGENDA-MAIL: El propio interesado o su representante legal ; Entidad privada<\/li>\n<\/ul>\n<\/td>\n<\/tr>\n<tr>\n<td>DERECHOS<\/td>\n<td>Usted tiene derecho acceder a sus datos, recticarlos, suprimirlos, limitar u oponerse a su tratamiento, a su portabilidad, a retirar su consentimiento y a presentar reclamaciones ante la Autoridad de Control (Agencia Espa\u00f1ola de Protecci\u00f3n de Datos). M\u00e1s informaci\u00f3n en nuestra &#8220;Pol\u00edtica de Privacidad y Protecci\u00f3n de Datos&#8221;.<\/td>\n<\/tr>\n<\/tbody>\n<\/table>\n<h4>1.- INFORMACI\u00d3N GENERAL<\/h4>\n<div class=\"page\" title=\"Page 1\">\n<div class=\"section\">\n<div class=\"layoutArea\">\n<div class=\"column\">\n<p>La presente &#8220;Poli\u0301tica de Privacidad y Proteccio\u0301n de Datos&#8221; tiene como nalidad dar a conocer las condiciones que rigen la recogida y tratamiento de sus datos personales por parte de nuestra entidad o grupo corporativo para velar por los derechos fundamentales, su honor y libertades, todo ello en cumplimiento de las normativas vigentes que regulan la Proteccio\u0301n de Datos personales segu\u0301n la Unio\u0301n Europea y el Estado Miembro espan\u0303ol.<\/p>\n<div class=\"page\" title=\"Page 1\">\n<div class=\"section\">\n<div class=\"layoutArea\">\n<div class=\"column\">\n<p>En conformidad con dichas normativas, necesitamos disponer de su autorizacio\u0301n y consentimiento para la recogida y el tratamiento de sus datos personales, por lo que a continuacio\u0301n, le indicamos todos los detalles de su intere\u0301s respecto a co\u0301mo realizamos estos procesos, con que\u0301 nalidades, que otras entidades podri\u0301an tener acceso a sus datos y cua\u0301les son sus derechos.<\/p>\n<p>Por todo lo expuesto, una vez revisada y lei\u0301da nuestra Poli\u0301tica de Proteccio\u0301n de Datos, es imprescindible que la acepte en prueba de su conformidad y consentimiento.<\/p>\n<div class=\"page\" title=\"Page 1\">\n<div class=\"section\">\n<div class=\"layoutArea\">\n<div class=\"column\">\n<h4>2.- RESPONSABLE DEL TRATAMIENTO<\/h4>\n<div class=\"page\" title=\"Page 1\">\n<div class=\"section\">\n<div class=\"layoutArea\">\n<div class=\"column\">\n<p><strong>\u00bfQuie\u0301n recaba y trata sus datos?<\/strong><\/p>\n<p>El Responsable del Tratamiento de Datos es aquella persona fi\u0301sica o juri\u0301dica, de naturaleza pu\u0301blica o privada, u o\u0301rgano administrativo, que solo o conjuntamente con otros determine los nes y medios del tratamiento de datos personales; en caso de que los nes y medios del tratamiento este\u0301n determinados por el Derecho de la Unio\u0301n Europea o del Estado Miembro espan\u0303ol.<\/p>\n<p>En este caso, nuestros datos identicativos como Responsable del Tratamiento son los siguientes: CONECTIVIDAD Y COMUNICACIONES CONCOM S.A &#8211; CIF A61039426<\/p>\n<div class=\"page\" title=\"Page 1\">\n<div class=\"section\">\n<div class=\"layoutArea\">\n<div class=\"column\">\n<p><strong>\u00bfCo\u0301mo puede contactar con nosotros?<\/strong><\/p>\n<p>Domicilio de nuestras ocinas:<\/p>\n<p>C\/QUINTANA I MILLARS NAVE 2-A. 08940, CORNELLA\u0301 DE LLOBREGAT (Barcelona), Espan\u0303a Email: concom@concom.es &#8211; Tele\u0301fono: 933771655<\/p>\n<p>Domicilio postal:<\/p>\n<p>C\/QUINTANA I MILLARS NAVE 2-A. 08940, CORNELLA\u0301 DE LLOBREGAT (Barcelona), Espan\u0303a<\/p>\n<div class=\"page\" title=\"Page 2\">\n<div class=\"section\">\n<div class=\"layoutArea\">\n<div class=\"column\">\n<p><strong>\u00bfQue\u0301 hacemos para garantizar la privacidad de sus datos?<\/strong><\/p>\n<p>Nuestra entidad o grupo corporativo adopta las medidas organizativas y te\u0301cnicas necesarias para garantizar la seguridad y la privacidad de sus datos, evitar su alteracio\u0301n, pe\u0301rdida, tratamiento o acceso no autorizado, dependiendo del estado de la tecnologi\u0301a, la naturaleza de los datos almacenado y los riesgos a que esta\u0301n expuestos.<\/p>\n<p>Entre otras, destacan las siguientes medidas:<\/p>\n<div class=\"page\" title=\"Page 2\">\n<div class=\"section\">\n<div class=\"layoutArea\">\n<div class=\"column\">\n<ul>\n<li>Garantizar la condencialidad, integridad, disponibilidad y resiliencia permanentes de los sistemas y servicios de tratamiento.<\/li>\n<li>Restaurar la disponibilidad y el acceso a los datos personales de forma ra\u0301pida, en caso de incidente fi\u0301sico o te\u0301cnico.<\/li>\n<li>Vericar, evaluar y valorar, de forma regular, la ecacia de las medidas te\u0301cnicas y organizativas implementadas para garantizar la seguridad del tratamiento.<\/li>\n<li>Seudonimizar y cifrar los datos personales, en caso de que se trate de datos sensibles.<\/li>\n<\/ul>\n<div class=\"page\" title=\"Page 2\">\n<div class=\"section\">\n<div class=\"layoutArea\">\n<div class=\"column\">\n<h4>4.- FINALIDAD DEL TRATAMIENTO<\/h4>\n<div class=\"page\" title=\"Page 2\">\n<div class=\"section\">\n<div class=\"layoutArea\">\n<div class=\"column\">\n<p><strong>\u00bfPara que\u0301 queremos tratar sus datos?<\/strong><\/p>\n<p>Necesitamos su autorizacio\u0301n y consentimiento para recabar y tratar sus datos personales, por lo que a continuacio\u0301n le detallamos los usos y nalidades previstas.<\/p>\n<p><strong>Comunicaciones comerciales:<\/strong> Marketing, publicidad y prospeccio\u0301n comercial<\/p>\n<p><strong>Envi\u0301o de emails:<\/strong> Envi\u0301o de comunicaciones comerciales<\/p>\n<div class=\"page\" title=\"Page 2\">\n<div class=\"section\">\n<div class=\"layoutArea\">\n<div class=\"column\">\n<p><strong>\u00bfDurante cua\u0301nto tiempo conservamos sus datos?<\/strong><\/p>\n<p>Utilizamos sus datos durante el tiempo estrictamente necesario para cumplir las nalidades indicadas anteriormente. Salvo que exista una obligacio\u0301n o requerimiento legal, los plazos de conservacio\u0301n previstos son:<\/p>\n<p>Comunicaciones comerciales: Mientras no se solicite su supresio\u0301n por el interesado Envi\u0301o de emails: Mientras no se solicite su supresio\u0301n por el interesado.<\/p>\n<div class=\"page\" title=\"Page 2\">\n<div class=\"section\">\n<div class=\"layoutArea\">\n<div class=\"column\">\n<h4>5.- LEGITIMACIO\u0301N DEL TRATAMIENTO<\/h4>\n<div class=\"page\" title=\"Page 2\">\n<div class=\"section\">\n<div class=\"layoutArea\">\n<div class=\"column\">\n<p><strong>\u00bfPor que\u0301 tratamos sus datos?<\/strong><\/p>\n<p>La recogida y el tratamiento de sus datos esta\u0301 legitimado siempre por una o varias bases juri\u0301dicas, las cuales detallamos a continuacio\u0301n:<\/p>\n<p><strong>Comunicaciones comerciales<\/strong>: Consentimiento expli\u0301cito del interesado <strong>Envi\u0301o de emails<\/strong>: Consentimiento expli\u0301cito del interesado<\/p>\n<div class=\"page\" title=\"Page 2\">\n<div class=\"section\">\n<div class=\"layoutArea\">\n<div class=\"column\">\n<h4>6.- DESTINATARIOS DE SUS DATOS<\/h4>\n<div class=\"page\" title=\"Page 2\">\n<div class=\"section\">\n<div class=\"layoutArea\">\n<div class=\"column\">\n<p><strong>\u00bfA quie\u0301nes cedemos sus datos dentro de la Unio\u0301n Europea?<\/strong><\/p>\n<p>No realizamos cesiones de sus datos a terceras personas ni entidades, salvo obligacio\u0301n legal.<\/p>\n<p><strong>\u00bfRealizamos Transferencias Internacionales de sus datos fuera de la Unio\u0301n Europea?<\/strong><\/p>\n<p>No realizamos transferencias internacionales de sus datos.<\/p>\n<div class=\"page\" title=\"Page 2\">\n<div class=\"section\">\n<div class=\"layoutArea\">\n<div class=\"column\">\n<h4>7.- PROCEDENCIA Y TIPOS DE DATOS TRATADOS<\/h4>\n<div class=\"page\" title=\"Page 2\">\n<div class=\"section\">\n<div class=\"layoutArea\">\n<div class=\"column\">\n<p><strong>Comunicaciones comerciales<\/strong><\/p>\n<p>Clientes: Datos identicativos (Nombre y Apellidos; Direccio\u0301n electro\u0301nica)<\/p>\n<p>Potenciales: Datos identicativos (Nombre y Apellidos; Direccio\u0301n electro\u0301nica)<\/p>\n<div class=\"page\" title=\"Page 3\">\n<div class=\"section\">\n<div class=\"layoutArea\">\n<div class=\"column\">\n<p><strong>Envi\u0301o de emails<\/strong><\/p>\n<p>AGENDA-MAIL: Datos identicativos (Direccio\u0301n electro\u0301nica; Direccio\u0301n postal; Firma electro\u0301nica; NIF \/ NIE \/ Pasaporte; Nombre y Apellidos; Tele\u0301fono)<\/p>\n<div class=\"page\" title=\"Page 3\">\n<div class=\"section\">\n<div class=\"layoutArea\">\n<div class=\"column\">\n<h4>8.- DERECHOS DE LOS INTERESADOS<\/h4>\n<div class=\"page\" title=\"Page 3\">\n<div class=\"section\">\n<div class=\"layoutArea\">\n<div class=\"column\">\n<p><strong>\u00bfCua\u0301les son los derechos que le amparan?<\/strong><\/p>\n<p>La normativa vigente de proteccio\u0301n de datos le ampara en una serie de derechos en relacio\u0301n al uso que le damos a sus datos. Todos y cada uno de sus derechos son unipersonales e intransferibles, es decir, que u\u0301nicamente pueden ser realizados por el titular de los datos, previa comprobacio\u0301n de su identidad.<\/p>\n<p>A continuacio\u0301n, le indicamos cuales son los derechos que le asisten:<\/p>\n<div class=\"page\" title=\"Page 3\">\n<div class=\"section\">\n<div class=\"layoutArea\">\n<div class=\"column\">\n<ul>\n<li>Solicitar el ACCESO a sus datos personales<\/li>\n<li>Solicitar la RECTIFICACION de sus datos<\/li>\n<li>Solicitar la SUPRESIO\u0301N o eliminacio\u0301n de sus datos (derecho al &#8220;olvido&#8221;)<\/li>\n<li>LIMITAR u OPONERSE al uso que le damos a sus datos<\/li>\n<li>Derecho a la PORTABILIDAD de sus datos para casos de servicios de telecomunicaciones o internet.<\/li>\n<li>Derecho a RETIRAR su consentimiento en cualquier momento<\/li>\n<li>Derecho a presentar una RECLAMACIO\u0301N en materia de proteccio\u0301n de datos ante la Autoridad de Control: Agencia Espan\u0303ola de Proteccio\u0301n de Datos<\/li>\n<\/ul>\n<div class=\"page\" title=\"Page 3\">\n<div class=\"section\">\n<div class=\"layoutArea\">\n<div class=\"column\">\n<p><strong>\u00bfCo\u0301mo puede ejercer sus derechos en relacio\u0301n a sus datos?<\/strong><\/p>\n<p>Para el ejercicio de sus derechos de acceso, recticacio\u0301n, supresio\u0301n, limitacio\u0301n u oposicio\u0301n, portabilidad y retirada de su consentimiento, puede hacerlo de la siguiente forma:<\/p>\n<div class=\"page\" title=\"Page 3\">\n<div class=\"section\">\n<div class=\"layoutArea\">\n<div class=\"column\">\n<p><strong>Comunicaciones comerciales<\/strong><\/p>\n<div class=\"page\" title=\"Page 3\">\n<div class=\"section\">\n<div class=\"layoutArea\">\n<div class=\"column\">\n<ul>\n<li>Responsable: CONECTIVIDAD Y COMUNICACIONES CONCOM S.A<\/li>\n<li>Direccio\u0301n: C\/QUINTANA I MILLARS NAVE 2-A. 08940, CORNELLA\u0301 DE LLOBREGAT (Barcelona), Espan\u0303a<\/li>\n<li>Tele\u0301fono: 933771655<\/li>\n<li>E-mail: concom@concom.es<\/li>\n<li>Pa\u0301gina web: http:\/\/www.concom.es<\/li>\n<\/ul>\n<div class=\"page\" title=\"Page 3\">\n<div class=\"section\">\n<div class=\"layoutArea\">\n<div class=\"column\">\n<p><strong>Envi\u0301o de emails<\/strong><\/p>\n<ul>\n<li>Responsable: CONECTIVIDAD Y COMUNICACIONES CONCOM S.A<\/li>\n<li>Direccio\u0301n: C\/QUINTANA I MILLARS NAVE 2-A. 08940, CORNELLA\u0301 DE LLOBREGAT (Barcelona), Espan\u0303a<\/li>\n<li>Tele\u0301fono: 933771655<\/li>\n<li>E-mail: concom@concom.es<\/li>\n<li>Pa\u0301gina web: http:\/\/www.concom.es<\/li>\n<\/ul>\n<div class=\"page\" title=\"Page 3\">\n<div class=\"section\">\n<div class=\"layoutArea\">\n<div class=\"column\">\n<p><strong>\u00bfCo\u0301mo puede presentar una reclamacio\u0301n?<\/strong><\/p>\n<p>Adema\u0301s de los derechos que le asisten, si cree que sus datos no se esta\u0301n recabando o tratando conforme a la normativa vigente de Proteccio\u0301n de Datos, usted podra\u0301 realizar una reclamacio\u0301n ante la Autoridad de Control, cuyos datos de contacto indicamos a continuacio\u0301n:<\/p>\n<div class=\"page\" title=\"Page 3\">\n<div class=\"section\">\n<div class=\"layoutArea\">\n<div class=\"column\">\n<p><strong>Agencia Espan\u0303ola de Proteccio\u0301n de Datos<\/strong><\/p>\n<p>C\/. Jorge Juan, 6. 28001, Madrid (Madrid), Espan\u0303a Email: info@aepd.es &#8211; Tele\u0301fono: 912663517 Web: https:\/\/www.aepd.es<\/p>\n<\/div>\n<div class=\"page\" title=\"Page 3\">\n<div class=\"section\">\n<div class=\"layoutArea\">\n<div class=\"column\">\n<h4>9.- CONSENTIMIENTO Y ACEPTACIO\u0301N<\/h4>\n<div class=\"page\" title=\"Page 3\">\n<div class=\"section\">\n<div class=\"layoutArea\">\n<div class=\"column\">\n<p>La aceptacio\u0301n del presente documento indica que usted entiende, acepta todas las cla\u0301usulas de nuestra poli\u0301tica de privacidad por lo que autoriza la recogida y el tratamiento de sus datos personales en estos te\u0301rminos. Esta aceptacio\u0301n se realiza mediante la activacio\u0301n de la casilla de vericacio\u0301n de &#8220;Lectura y Aceptacio\u0301n&#8221; de nuestra Poli\u0301tica de Privacidad.<\/p>\n<\/div>\n<\/div>\n<\/div>\n<\/div>\n<\/div>\n<\/div>\n<\/div>\n<\/div>\n<\/div>\n<\/div>\n<\/div>\n<\/div>\n<\/div>\n<\/div>\n<\/div>\n<\/div>\n<\/div>\n<\/div>\n<\/div>\n<\/div>\n<\/div>\n<\/div>\n<\/div>\n<\/div>\n<\/div>\n<\/div>\n<\/div>\n<\/div>\n<\/div>\n<\/div>\n<\/div>\n<\/div>\n<\/div>\n<\/div>\n<\/div>\n<\/div>\n<\/div>\n<\/div>\n<\/div>\n<\/div>\n<\/div>\n<\/div>\n<\/div>\n<\/div>\n<\/div>\n<\/div>\n<\/div>\n<\/div>\n<\/div>\n<\/div>\n<\/div>\n<\/div>\n<\/div>\n<\/div>\n<\/div>\n<\/div>\n<\/div>\n<\/div>\n<\/div>\n<\/div>\n<\/div>\n<\/div>\n<\/div>\n<\/div>\n<\/div>\n<\/div>\n<\/div>\n<\/div>\n<\/div>\n<\/div>\n<\/div>\n<\/div>\n<\/div>\n<\/div>\n<\/div>\n<\/div>\n<\/div>\n<\/div>\n<\/div>\n<\/div>\n<\/div>\n<\/div>\n<\/div>\n<\/div>\n<\/div>\n<\/div>\n<\/div>\n<\/div>\n<\/div>\n<\/div>\n<\/div>\n<\/div>\n<\/div>\n<\/div>\n<\/div>\n<\/div>\n<\/div>\n<\/div>\n<\/div>\n<\/div>\n<\/div>\n<\/div>\n<\/div>\n<\/div>\n<\/div>\n<\/div>\n<\/div>\n<\/div>\n<\/div>\n<\/div>\n<\/div>\n","protected":false},"excerpt":{"rendered":"<p>POLITICA DE PRIVACIDAD Y PROTECCI\u00d3N DE DATOS 01 de febrero de 2020 RESPONSABLE CONECTIVIDAD Y COMUNICACIONES CONCOM S.A &#8211; CIF A61039426 CONTACTO C\/QUINTANA I MILLARS NAVE 2-A &#8211; CORNELL\u00c1 DE LLOBREGAT (Barcelona) concom@concom.es &#8211; Tel. 933771655 &#8211; http:\/\/www.concom.es FINALIDADES Comunicaciones comerciales: Marketing, publicidad y prospecci\u00f3n comercial Env\u00edo de emails: Env\u00edo de comunicaciones comerciales LEGITIMACION Comunicaciones comerciales: Consentimiento expl\u00edcito del interesado Env\u00edo de emails: Consentimiento expl\u00edcito del interesado CONSERVACI\u00d3N Comunicaciones comerciales: Mientras no se solicite su supresi\u00f3n por el interesado Env\u00edo de emails: Mientras no se solicite su supresi\u00f3n por el interesado DESTINATARIOS No cedemos sus datos a terceros TRANSFERENCIAS INTERNACIONALES No realizamos transferencias internacionales de sus datos PROCEDENCIA Comunicaciones comerciales Clientes: El propio interesado o su representante legal Potenciales: El propio interesado o su representante legal Env\u00edo de emails Env\u00edo de emails AGENDA-MAIL: El propio interesado o su representante legal ; Entidad privada DERECHOS Usted tiene derecho acceder a sus datos, recticarlos, suprimirlos, limitar u oponerse a su tratamiento, a su portabilidad, a retirar su consentimiento y a presentar reclamaciones ante la Autoridad de Control (Agencia Espa\u00f1ola de Protecci\u00f3n de Datos). M\u00e1s informaci\u00f3n en nuestra &#8220;Pol\u00edtica de Privacidad y Protecci\u00f3n de Datos&#8221;. 1.- INFORMACI\u00d3N GENERAL La presente &#8220;Poli\u0301tica de Privacidad y Proteccio\u0301n de Datos&#8221; tiene como nalidad dar a conocer las condiciones que rigen la recogida y tratamiento de sus datos personales por parte de nuestra entidad o grupo corporativo para velar por los derechos fundamentales, su honor y libertades, todo ello en cumplimiento de las normativas vigentes que regulan la Proteccio\u0301n de Datos personales segu\u0301n la Unio\u0301n Europea y el Estado Miembro espan\u0303ol. En conformidad con dichas normativas, necesitamos disponer de su autorizacio\u0301n y consentimiento para la recogida y el tratamiento de sus datos personales, por lo que a continuacio\u0301n, le indicamos todos los detalles de su intere\u0301s respecto a co\u0301mo realizamos estos procesos, con que\u0301 nalidades, que otras entidades podri\u0301an tener acceso a sus datos y cua\u0301les son sus derechos. Por todo lo expuesto, una vez revisada y lei\u0301da nuestra Poli\u0301tica de Proteccio\u0301n de Datos, es imprescindible que la acepte en prueba de su conformidad y consentimiento. 2.- RESPONSABLE DEL TRATAMIENTO \u00bfQuie\u0301n recaba y trata sus datos? El Responsable del Tratamiento de Datos es aquella persona fi\u0301sica o juri\u0301dica, de naturaleza pu\u0301blica o privada, u o\u0301rgano administrativo, que solo o conjuntamente con otros determine los nes y medios del tratamiento de datos personales; en caso de que los nes y medios del tratamiento este\u0301n determinados por el Derecho de la Unio\u0301n Europea o del Estado Miembro espan\u0303ol. En este caso, nuestros datos identicativos como Responsable del Tratamiento son los siguientes: CONECTIVIDAD Y COMUNICACIONES CONCOM S.A &#8211; CIF A61039426 \u00bfCo\u0301mo puede contactar con nosotros? Domicilio de nuestras ocinas: C\/QUINTANA I MILLARS NAVE 2-A. 08940, CORNELLA\u0301 DE LLOBREGAT (Barcelona), Espan\u0303a Email: concom@concom.es &#8211; Tele\u0301fono: 933771655 Domicilio postal: C\/QUINTANA I MILLARS NAVE 2-A. 08940, CORNELLA\u0301 DE LLOBREGAT (Barcelona), Espan\u0303a \u00bfQue\u0301 hacemos para garantizar la privacidad de sus datos? Nuestra entidad o grupo corporativo adopta las medidas organizativas y te\u0301cnicas necesarias para garantizar la seguridad y la privacidad de sus datos, evitar su alteracio\u0301n, pe\u0301rdida, tratamiento o acceso no autorizado, dependiendo del estado de la tecnologi\u0301a, la naturaleza de los datos almacenado y los riesgos a que esta\u0301n expuestos. Entre otras, destacan las siguientes medidas: Garantizar la condencialidad, integridad, disponibilidad y resiliencia permanentes de los sistemas y servicios de tratamiento. Restaurar la disponibilidad y el acceso a los datos personales de forma ra\u0301pida, en caso de incidente fi\u0301sico o te\u0301cnico. Vericar, evaluar y valorar, de forma regular, la ecacia de las medidas te\u0301cnicas y organizativas implementadas para garantizar la seguridad del tratamiento. Seudonimizar y cifrar los datos personales, en caso de que se trate de datos sensibles. 4.- FINALIDAD DEL TRATAMIENTO \u00bfPara que\u0301 queremos tratar sus datos? Necesitamos su autorizacio\u0301n y consentimiento para recabar y tratar sus datos personales, por lo que a continuacio\u0301n le detallamos los usos y nalidades previstas. Comunicaciones comerciales: Marketing, publicidad y prospeccio\u0301n comercial Envi\u0301o de emails: Envi\u0301o de comunicaciones comerciales \u00bfDurante cua\u0301nto tiempo conservamos sus datos? Utilizamos sus datos durante el tiempo estrictamente necesario para cumplir las nalidades indicadas anteriormente. Salvo que exista una obligacio\u0301n o requerimiento legal, los plazos de conservacio\u0301n previstos son: Comunicaciones comerciales: Mientras no se solicite su supresio\u0301n por el interesado Envi\u0301o de emails: Mientras no se solicite su supresio\u0301n por el interesado. 5.- LEGITIMACIO\u0301N DEL TRATAMIENTO \u00bfPor que\u0301 tratamos sus datos? La recogida y el tratamiento de sus datos esta\u0301 legitimado siempre por una o varias bases juri\u0301dicas, las cuales detallamos a continuacio\u0301n: Comunicaciones comerciales: Consentimiento expli\u0301cito del interesado Envi\u0301o de emails: Consentimiento expli\u0301cito del interesado 6.- DESTINATARIOS DE SUS DATOS \u00bfA quie\u0301nes cedemos sus datos dentro de la Unio\u0301n Europea? No realizamos cesiones de sus datos a terceras personas ni entidades, salvo obligacio\u0301n legal. \u00bfRealizamos Transferencias Internacionales de sus datos fuera de la Unio\u0301n Europea? No realizamos transferencias internacionales de sus datos. 7.- PROCEDENCIA Y TIPOS DE DATOS TRATADOS Comunicaciones comerciales Clientes: Datos identicativos (Nombre y Apellidos; Direccio\u0301n electro\u0301nica) Potenciales: Datos identicativos (Nombre y Apellidos; Direccio\u0301n electro\u0301nica) Envi\u0301o de emails AGENDA-MAIL: Datos identicativos (Direccio\u0301n electro\u0301nica; Direccio\u0301n postal; Firma electro\u0301nica; NIF \/ NIE \/ Pasaporte; Nombre y Apellidos; Tele\u0301fono) 8.- DERECHOS DE LOS INTERESADOS \u00bfCua\u0301les son los derechos que le amparan? La normativa vigente de proteccio\u0301n de datos le ampara en una serie de derechos en relacio\u0301n al uso que le damos a sus datos. Todos y cada uno de sus derechos son unipersonales e intransferibles, es decir, que u\u0301nicamente pueden ser realizados por el titular de los datos, previa comprobacio\u0301n de su identidad. A continuacio\u0301n, le indicamos cuales son los derechos que le asisten: Solicitar el ACCESO a sus datos personales Solicitar la RECTIFICACION de sus datos Solicitar la SUPRESIO\u0301N o eliminacio\u0301n de sus datos (derecho al &#8220;olvido&#8221;) LIMITAR u OPONERSE al uso que le damos a sus datos Derecho a la PORTABILIDAD de sus datos para casos de servicios de telecomunicaciones o internet. Derecho a RETIRAR su consentimiento en cualquier momento Derecho a presentar una RECLAMACIO\u0301N en materia de [&hellip;]<\/p>\n","protected":false},"author":1,"featured_media":0,"parent":0,"menu_order":0,"comment_status":"closed","ping_status":"open","template":"","meta":[],"_links":{"self":[{"href":"https:\/\/concomrenewables.com\/en\/wp-json\/wp\/v2\/pages\/3\/"}],"collection":[{"href":"https:\/\/concomrenewables.com\/en\/wp-json\/wp\/v2\/pages\/"}],"about":[{"href":"https:\/\/concomrenewables.com\/en\/wp-json\/wp\/v2\/types\/page\/"}],"author":[{"embeddable":true,"href":"https:\/\/concomrenewables.com\/en\/wp-json\/wp\/v2\/users\/1\/"}],"replies":[{"embeddable":true,"href":"https:\/\/concomrenewables.com\/en\/wp-json\/wp\/v2\/comments\/?post=3"}],"version-history":[{"count":3,"href":"https:\/\/concomrenewables.com\/en\/wp-json\/wp\/v2\/pages\/3\/revisions\/"}],"predecessor-version":[{"id":6421,"href":"https:\/\/concomrenewables.com\/en\/wp-json\/wp\/v2\/pages\/3\/revisions\/6421\/"}],"wp:attachment":[{"href":"https:\/\/concomrenewables.com\/en\/wp-json\/wp\/v2\/media\/?parent=3"}],"curies":[{"name":"wp","href":"https:\/\/api.w.org\/{rel}","templated":true}]}}